{"id":32,"date":"2022-05-16T20:33:47","date_gmt":"2022-05-16T20:33:47","guid":{"rendered":"https:\/\/centromedicodrhernandezcisneros.com\/?page_id=32"},"modified":"2025-01-31T23:46:36","modified_gmt":"2025-01-31T23:46:36","slug":"quienes-somos","status":"publish","type":"page","link":"https:\/\/centromedicodrhernandezcisneros.com\/index.php\/quienes-somos\/","title":{"rendered":"Quienes Somos"},"content":{"rendered":"\n<p>Iniciamos nuestras actividades el 13 de julio de 2001 bajo la denominaci\u00f3n de <strong>\u201cLaboratorio Dr. Hern\u00e1ndez Cisneros\u201d<\/strong> en honor al Dr. Jos\u00e9 Gregorio Hern\u00e1ndez Cisneros, un abnegado m\u00e9dico venezolano reconocido por su calidad humana, su dedicaci\u00f3n al servicio, su destacada labor como investigador y docente en la Universidad Central de Venezuela, y por ser el fundador de la primera c\u00e1tedra de Microbiolog\u00eda en Latinoam\u00e9rica.<\/p>\n\n\n\n<p>En el a\u00f1o 2006, expandimos nuestra misi\u00f3n de servicio integral con la creaci\u00f3n del <strong>Centro M\u00e9dico \u201cDr. Hern\u00e1ndez Cisneros\u201d C.A. <\/strong>para brindar atenci\u00f3n en prevenci\u00f3n, diagn\u00f3stico y tratamiento a la poblaci\u00f3n neoespartana.<\/p>\n\n\n\n<h2 class=\"wp-block-heading\">Nuestra Misi\u00f3n<\/h2>\n\n\n\n<p>Como laboratorio cl\u00ednico de referencia, nuestra misi\u00f3n es proporcionar a pacientes ambulatorios, hospitalizados y laboratorios asociados, un servicio eficiente y oportuno con el m\u00e1s alto perfil de calidad. Nos dedicamos a entregar elementos de soporte cl\u00ednico esenciales para el diagn\u00f3stico a trav\u00e9s de diversas pruebas de laboratorio, siempre enmarcados en una filosof\u00eda de atenci\u00f3n al cliente que aplica los par\u00e1metros modernos. Colaboramos en el diagn\u00f3stico y prevenci\u00f3n de enfermedades ofreciendo resultados confiables con un profundo sentido de responsabilidad y \u00e9tica&nbsp;profesional.<\/p>\n\n\n\n<figure class=\"wp-block-image size-large\"><img loading=\"lazy\" decoding=\"async\" width=\"900\" height=\"1024\" src=\"https:\/\/centromedicodrhernandezcisneros.com\/wp-content\/uploads\/2024\/05\/Dr.-Jose-gregorio-1-900x1024.jpg\" alt=\"\" class=\"wp-image-197\" srcset=\"https:\/\/centromedicodrhernandezcisneros.com\/wp-content\/uploads\/2024\/05\/Dr.-Jose-gregorio-1-900x1024.jpg 900w, https:\/\/centromedicodrhernandezcisneros.com\/wp-content\/uploads\/2024\/05\/Dr.-Jose-gregorio-1-264x300.jpg 264w, https:\/\/centromedicodrhernandezcisneros.com\/wp-content\/uploads\/2024\/05\/Dr.-Jose-gregorio-1-768x873.jpg 768w, https:\/\/centromedicodrhernandezcisneros.com\/wp-content\/uploads\/2024\/05\/Dr.-Jose-gregorio-1.jpg 1056w\" sizes=\"auto, (max-width: 900px) 100vw, 900px\" \/><\/figure>\n\n\n\n<p class=\"has-text-align-center\"><strong>Dr. Jos\u00e9 Gregorio Hern\u00e1ndez Cisneros<\/strong><\/p>\n\n\n\n<h2 class=\"wp-block-heading\">Nuestra Visi\u00f3n<\/h2>\n\n\n\n<p class=\"has-text-align-left\">Nuestra visi\u00f3n es ser l\u00edderes en el campo de la salud, reconocidos por nuestra excelencia en el servicio cl\u00ednico, innovaci\u00f3n tecnol\u00f3gica y compromiso con la calidad. Aspiramos a mantenernos a la vanguardia en el diagn\u00f3stico y tratamiento m\u00e9dico, expandiendo nuestras capacidades y servicios para satisfacer las crecientes necesidades de la comunidad, contribuyendo as\u00ed a la mejora continua de la&nbsp;salud&nbsp;p\u00fablica.<\/p>\n\n\n\n<h2 class=\"wp-block-heading\">Valores<\/h2>\n\n\n\n<ul class=\"wp-block-list\">\n<li><strong>Calidad:<\/strong> Comprometidos con la excelencia en todos nuestros procesos para garantizar resultados precisos y confiables.<\/li>\n\n\n\n<li><strong>\u00c9tica: <\/strong>Actuamos con integridad y profesionalismo en cada aspecto de nuestro trabajo.<\/li>\n\n\n\n<li><strong>Responsabilidad:<\/strong> Asumimos nuestro papel en la salud de la comunidad con seriedad y dedicaci\u00f3n.<\/li>\n\n\n\n<li><strong>Innovaci\u00f3n: <\/strong>Adoptamos tecnolog\u00edas avanzadas y pr\u00e1cticas modernas para mejorar continuamente nuestros servicios.<\/li>\n\n\n\n<li><strong>Atenci\u00f3n al Cliente:<\/strong> Centramos nuestros esfuerzos en brindar un servicio amable, personalizado y eficiente a&nbsp;cada&nbsp;paciente.<\/li>\n<\/ul>\n","protected":false},"excerpt":{"rendered":"<p>Iniciamos nuestras actividades el 13 de julio de 2001 bajo la denominaci\u00f3n de \u201cLaboratorio Dr. Hern\u00e1ndez Cisneros\u201d en honor al Dr. Jos\u00e9 Gregorio Hern\u00e1ndez Cisneros, un abnegado m\u00e9dico venezolano reconocido por su calidad humana, su dedicaci\u00f3n al servicio, su destacada labor como investigador y docente en la Universidad Central de Venezuela, y por ser el [&hellip;]<\/p>\n","protected":false},"author":1,"featured_media":0,"parent":0,"menu_order":0,"comment_status":"closed","ping_status":"closed","template":"","meta":{"om_disable_all_campaigns":false,"_monsterinsights_skip_tracking":false,"_monsterinsights_sitenote_active":false,"_monsterinsights_sitenote_note":"","_monsterinsights_sitenote_category":0,"footnotes":""},"class_list":["post-32","page","type-page","status-publish","hentry"],"aioseo_notices":[],"_links":{"self":[{"href":"https:\/\/centromedicodrhernandezcisneros.com\/index.php\/wp-json\/wp\/v2\/pages\/32","targetHints":{"allow":["GET"]}}],"collection":[{"href":"https:\/\/centromedicodrhernandezcisneros.com\/index.php\/wp-json\/wp\/v2\/pages"}],"about":[{"href":"https:\/\/centromedicodrhernandezcisneros.com\/index.php\/wp-json\/wp\/v2\/types\/page"}],"author":[{"embeddable":true,"href":"https:\/\/centromedicodrhernandezcisneros.com\/index.php\/wp-json\/wp\/v2\/users\/1"}],"replies":[{"embeddable":true,"href":"https:\/\/centromedicodrhernandezcisneros.com\/index.php\/wp-json\/wp\/v2\/comments?post=32"}],"version-history":[{"count":7,"href":"https:\/\/centromedicodrhernandezcisneros.com\/index.php\/wp-json\/wp\/v2\/pages\/32\/revisions"}],"predecessor-version":[{"id":300,"href":"https:\/\/centromedicodrhernandezcisneros.com\/index.php\/wp-json\/wp\/v2\/pages\/32\/revisions\/300"}],"wp:attachment":[{"href":"https:\/\/centromedicodrhernandezcisneros.com\/index.php\/wp-json\/wp\/v2\/media?parent=32"}],"curies":[{"name":"wp","href":"https:\/\/api.w.org\/{rel}","templated":true}]}}