{"id":33,"date":"2022-05-16T20:33:47","date_gmt":"2022-05-16T20:33:47","guid":{"rendered":"https:\/\/centromedicodrhernandezcisneros.com\/?page_id=33"},"modified":"2023-04-21T15:27:13","modified_gmt":"2023-04-21T15:27:13","slug":"pruebas-de-laboratorio","status":"publish","type":"page","link":"https:\/\/centromedicodrhernandezcisneros.com\/index.php\/pruebas-de-laboratorio\/","title":{"rendered":"Pruebas de Laboratorio"},"content":{"rendered":"\n<h2 class=\"wp-block-heading\"><img loading=\"lazy\" decoding=\"async\" width=\"150\" height=\"150\" class=\"wp-image-155\" style=\"width: 150px;\" src=\"https:\/\/centromedicodrhernandezcisneros.com\/wp-content\/uploads\/2022\/05\/RUTINA.jpg\" alt=\"\" srcset=\"https:\/\/centromedicodrhernandezcisneros.com\/wp-content\/uploads\/2022\/05\/RUTINA.jpg 423w, https:\/\/centromedicodrhernandezcisneros.com\/wp-content\/uploads\/2022\/05\/RUTINA-300x300.jpg 300w, https:\/\/centromedicodrhernandezcisneros.com\/wp-content\/uploads\/2022\/05\/RUTINA-150x150.jpg 150w\" sizes=\"auto, (max-width: 150px) 100vw, 150px\" \/><br>Pruebas de Rutina<\/h2>\n\n\n\n<p>.ALBUMINA<br>ACIDO URICO<br>ACIDO URICO EN ORINA DE 24 HORAS<br>ACIDO URICO EN ORINA PARCIAL<br>ADENOSINA DESAMINA (ADA)<br>AMILASA<br>AMILASA EN ORINA<br>AMONIO<br>ANTIGENOS FEBRILES<br>ASTO<br>BILIRRUBINA TOTAL Y FRACCIONADA<br>CALCIO<br>CALCIO EN ORINA DE 24 HORAS<br>CALCIO EN ORINA PARCIAL<br>CALPROTECTINA<br>CELULAS LE<br>CITRATO EN ORINA 24 HORAS <strong>(3 d\u00edas h\u00e1biles)<\/strong><br>CK<br>CKMB<br>COCAINA<br>COLESTEROL HDL<br>COLESTEROL LDL<br>COLESTEROL TOTAL<br>COLESTEROL VLDL<br>COLINESTERASA<br>COMBO ROTA-ADENO-ASTRO<br>COMPLEMENTO C3<br>COMPLEMENTO C4<br>COOMBS DIRECTOS <strong>(3 d\u00edas h\u00e1biles)<\/strong><br>COOMBS INDIRECTO <strong>(3 d\u00edas h\u00e1biles)<\/strong><br>COVID ANTICUERPOS<br>COVID ANTICUERPOS NEUTRALIZANTES<br>CREATININA<br>CREATININA EN ORINA DE 24 HORAS<br>CREATININA EN ORINA PARCIAL<br>DETERMINACION ANTIGENO D DEBIL (DU)<br>DENGUE IGG-IGM<br>DEPURACION DE CREATININA EN ORINA DE 24 HORAS<br>DEPURACION DE UREA EN ORINAS DE 24 HORAS<br>DESHIDROGENASA L\u00c1CTICA (LDH)<br>DIMERO D<br>ELECTROLITOS<br>ELECTROLITOS EN ORINA<br>EOSINOFILOS EN MOCO NASAL AMBAS FOSAS<br>ESPERMATOGRAMA<br>ESTUDIO CITOQUIMICO DE L.C.R.<br>ESTUDIO CITOQUIMICO DE LIQUIDO (OVARIO)<br>ESTUDIO CITOQUIMICO DE LIQUIDO DE ABSCESO<br>ESTUDIO CITOQUIMICO DE LIQUIDO DE MAMA<br>ESTUDIO CITOQUIMICO DE LIQUIDO INTRAABDOMINAL<br>ESTUDIO CITOQUIMICO DE LIQUIDO INTRAMEDULAR<br>ESTUDIO CITOQUIMICO DE LIQUIDO PLEURAL<br>ESTUDIO CITOQUIMICO DE LIQUIDO SINOVIAL<br>ESTUDIO CITOQUIMICO DE LIQUIDO PERICARDIO<br>ESTUDIO CITOQUIMICO LIQUIDO PERITONEAL<br>ESTUDIO DE CITOQUIMICO DE LIQUIDO DE DRENAJE HEPATICO <br>ESTUDIO DE CITOQUIMICO LIQUIDO ASCITICO<br>EXCRECION FRACCIONAL DE SODIO<br>EXAMEN DE HECES<br>EXAMEN DE HECES SERIADAS<br>EXAMEN DE ORINA<br>FIBRINOGENO<br>FOSFATASA ACIDA PROSTATICA<br>FOSFATASA ACIDA TOTAL<br>FOSFATASA ALCALINA<br>FOSFORO<br>FOSFORO EN ORINA DE 24 HORAS <br>FOSFORO EN ORINA PARCIAL<br>FROTIS SANGRE PERIFERICA <br>GAMMAGLUTAMIL TRANSFERASA (GGT) <br>GASES ARTERIALES<br>GASES VENOSOS<br>GLICEMIA<br>GLICEMIA 120<br>GLICEMIA 60<br>GLICEMIA POST CARGA<br>GLICEMIA POST PRANDIAL GLOBULINA<br>GOTA GRUESA<br>GRUPO SANGUINEO (TIPIAJE) <br>H.C.G. (PRUEBA DE EMBARAZO)<br>HECES (INVESTIGACION DE CRYPTOSPORIDIUM) <br>HECES (LEUCOGRAMA FECAL)<br>HECES AZUCARES REDUCTORES<br>HECES INVESTIGACION DE ISOSPORA BELLI. <br>HECES INVESTIGACION DE SANGRE OCULTA<br>HECES POR CONCENTRACION<br>HECES SUDAN III<br>HELICOBACTER PILORY EN HECES <br>HELICOBACTER PILORY CUALITATIVO<br>HEMATOLOGIA + PLAQUETAS<br>HEMATOLOGIA ESPECIAL <strong>(3 d\u00edas h\u00e1biles)<\/strong><br>HEMOGLOBINA GLICOSILADA A1C<br>HIERRO SERICO<br>HIV (1 EN 2)<br>INMUNOGLOBULINA A (IGA) SERICA <br>INMUNOGLOBULINA G (IGG) SERICA <br>INMUNOGLOBULINA M (IGM) SERICA<br>INR<br>INVESTIGACION DE CRYPTOCOCCUS <br>LACTATO (ACIDO LACTICO)<br>LIPASA<br>LEPTOSPIRA<br>MAGNESIO<br>MAGNESIO EN ORINA<br>MAGNESIO EN ORINA 24 HORAS<br>MALARIA<br>MARIHUANA<br>MICROALBUMINURIA<br>MICROALBUMINURIA EN ORINA 24 HORAS<br>MULTITEST<br>MONOTEST<br>PLAQUETAS<br>PLASMA CITRATADO<br>PROCALCITONINA CUANTIFICADA<br>PROTEINA C REACTIVA (PCR) CUANTIFICADA<br>PROTEINAS BENCE JONES (ORINA 24 HORAS)<br>PROTEINAS TOTALES<br>PROTEINURIA EN ORINA DE 24 HORAS<br>PROTEINURIA EN ORINA PARCIAL<br>R. ALB\/GLO<br>RA TEST<br>REABSORCION TABULAR FOSFORO (RTP)<br>REACCION DE RIVALTA<br>RECUENTO Y CONTAJE CELULAR DE LIQUDO<br>RELACION ACIDOURICO-CREATININA <br>RELACION CALCIO \/ CREATININA<br>RELACION DE PROTEINA Y CREATININA <br>RELACION FOSFORO &#8211; CREATININA<br>RETICULOCITOS<br>SATURACION Y CAPTACION DE HIERRO<br>T.de Protrombina\/T.P.Tromboplastina (PT-PTT)<br>TRANSAMINASAS TGO<br>TRANSAMINASAS TGP<br>TRANSFERRINA<br>TRIGLICERIDOS<br>TROPONINA T (cualitativa)<br>UREA<br>UREA EN ORINA DE 24 HORAS<br>UREA EN ORINA PARCIAL<br>VDRL<br>VELOCIDAD DE SEDIMENTACION (VSG)<br><\/p>\n\n\n\n<h2 class=\"wp-block-heading\"><img loading=\"lazy\" decoding=\"async\" width=\"150\" height=\"150\" class=\"wp-image-157\" style=\"width: 150px;\" src=\"https:\/\/centromedicodrhernandezcisneros.com\/wp-content\/uploads\/2022\/05\/PRUEBAS-ESPECIALES.jpg\" alt=\"\" srcset=\"https:\/\/centromedicodrhernandezcisneros.com\/wp-content\/uploads\/2022\/05\/PRUEBAS-ESPECIALES.jpg 423w, https:\/\/centromedicodrhernandezcisneros.com\/wp-content\/uploads\/2022\/05\/PRUEBAS-ESPECIALES-300x300.jpg 300w, https:\/\/centromedicodrhernandezcisneros.com\/wp-content\/uploads\/2022\/05\/PRUEBAS-ESPECIALES-150x150.jpg 150w\" sizes=\"auto, (max-width: 150px) 100vw, 150px\" \/><br>Pruebas Especiales <br>y Hormonales<\/h2>\n\n\n\n<p>17 OH PROGESTERONA (HOMBRE)<br>17 OH PROGESTERONA (MUJER)<br>ACCP<br>ACIDO FOLICO (FOLATO)<br>ACIDO VALPROICO<br>ALFAFETOPROTEINAS<br>ANCA C<br>ANCA P<br>ANDROSTENEDIONA (Mujer)<br>ANTI SMITH<br>ANTI RO (SSA)<br>ANTI LA (SSB)<br>ANTICOAGULANTE LUPICO IGG &#8211; IGM <br>ANTICUERPOS ANTI- ADN<br>ANTICUERPOS ANTICARDIOLIPINA IGG &#8211; IGM <br>ANTICUERPOS ANTIFOSFOLIPIDOS IGG &#8211; IGM <br>ANTICUERPOS ANTIMICROSOMALES <br>ANTICUERPOS ANTINUCLEARES (ANA) <br>ANTICUERPOS ANTITIROGLOBULINA <br>ANTICUERPOS ANTITIROIDEOS<br>ANTIGENO CARCINOEMBRIONARIO (CEA)<br>ANTIGENO PROSTATICO (LIBRE) <br>ANTIGENO PROSTATICO (PSA TOTAL\/LIBRE) <br>ANTIGENO PROSTATICO (TOTAL) <br>ANTIPEROXIDASA (TPO)<br>BETA 2 MICROGLOBULINA<br>BETA 2 GLICOPROTEINAS IGG<br>BETA 2 GLICOPROTEINAS IGM<br>CA 72-4<br>CA 125<br>CA 15-3<br>CA 19-9<br>CARBAMAZEPINA<br>CHLAMYDEA TRACHOMATIS IGG-IGM <br>CHLAMYDIA PNEUMONIAE (IgG) <br>CHLAMYDIA PNEUMONIAE (IgG-IgM) <br>CHLAMYDIA PNEUMONIAE (IgM) <br>CHLAMYDIA TRACHOMATI (IGA) <br>CHLAMYDIA TRACHOMATI (IGG) <br>CHLAMYDIA TRACHOMATI (IGM) <br>CITOMEGALOVIRUS IGG<br>CITOMEGALOVIRUS IGG-IGM<br>CITOMEGALOVIRUS IGM<br>COMPLEMENTO CH50<br>COMPLEJO INMUNOLOGICOS CIRCULANTE<br>CLOSTRIDIUM DIFICILE<br>CORTISOL 4 PM<br>CORTISOL 8 AM<br>DETERMINACION DEL INTERFERON GAMMA TUBERCULOSIS<br>DEHIDREPIANDOSTERONA (DHEA) (HOMBRE)<br>DEHIDREPIANDROSTERONA (DHEA) (MUJER)<br>DHEAS (HOMBRE)<br>DHEAS (MUJER)<br>DIGOXINA<br>EPSTEIN BARR IGG<br>EPSTEIN BARR IGG-IGM<br>EPSTEIN BARR IGM<br>ESTRADIOL (HOMBRE)<br>ESTRADIOL (MUJER)<br>EPAMIN<br>FENOBARBITAL<br>FERRITINA<br>FSH (HOMBRE)<br>FSH (MUJER)<br>H.C.G CUANTIFICADA (HOMBRE)<br>H.C.G. CUANTIFICADA (MUJER)<br>HELICOBACTER PILORY IGG &#8211; IGM<br>HELICOBACTER PILORY IGM<br>HELICOBACTER PILORY IGM<br>HELICOBACTER PILORY TOTAL<br>HEPATITIS A IGM<br>HEPATITIS B ANTICORE (ELISA)<br>HEPATITIS B ANTIGENO DE SUPERFICIE (ELISA) <br>HEPATITIS C (ELISA)<br>HERPES SIMPLE 1 IGG-IGM<br>HERPES SIMPLE 2 IGG\/IGM<br>HIV 4TA GENERACION<br>HIV CUANTIFICADO (ELISA)<br>HTLV<br>INMUNOGLOBULINA A (IGA) SECRETORA<br>INMUNOGLOBULINA E (IGE) TOTAL SERICA <br>INMUNOGLOBULINA A SECRETORA (IGE) TOTAL EN HECES<br>INSULINA (30)<br>INSULINA (60)<br>INSULINA (120)<br>INSULINA BASAL<br>INSULINA POST- CARGA<br>INSULINA POST PRANDIAL<br>LH (HOMBRE)<br>LH (MUJER)<br>MACHADO GUERREIRO(CHAGAS)<br>MYCOPLASMA PNEUMONIAE (IgG-IgM) <br>MYCOPLASMA PNEUMONIAE (IgG)<br>MYCOPLASMA PNEUMONIAE (IgM)<br>PARATHORMONA<br>PEPTIDO C<br>PEPTIDO C POST CARGA<br>PEPTIDO C POST PRANDIAL<br>PROGESTERONA (HOMBRE)<br>PROGESTERONA (MUJER)<br>PROLACTINA (HOMBRE)<br>PROLACTINA (MUJER)<br>PROTEINA C REACTIVA (PCR) ULTRASENSIBLE<br>PROBNT<br>RUBEOLA IGG<br>RUBEOLA IGG-IGM<br>RUBEOLA IGM<br>SHBG<br>SIFILIS (ELISA) FTA &#8211; ANTICUERPOS ANTITREPONEMA <br>T3 LIBRE<br>T3 TOTAL<br>T4 LIBRE<br>T4 TOTAL<br>TESTOSTERONA LIBRE (HOMBRE)<br>TESTOSTERONA LIBRE (MUJER)<br>TESTOSTERONA TOTAL (HOMBRE)<br>TESTOSTERONA TOTAL(MUJER)<br>TIROGLOBULINA<br>TOXOPLASMOSIS IGG <br>TOXOPLASMOSIS IGG-IGM<br>TOXOPLASMOSIS IGM<br>TSH<br>TROPONINA<br>VITAMINA B12<br>VITAMINA D<br>VIRUS SINCITAL RESPIRATORIO IGM <br>VIRUS SINCITAL RESPIRATORIO IGG-IGM<\/p>\n\n\n\n<p><br><\/p>\n\n\n\n<h2 class=\"wp-block-heading\"><img loading=\"lazy\" decoding=\"async\" width=\"150\" height=\"150\" class=\"wp-image-158\" style=\"width: 150px;\" src=\"https:\/\/centromedicodrhernandezcisneros.com\/wp-content\/uploads\/2022\/05\/BACTERIOLOGIA.jpg\" alt=\"\" srcset=\"https:\/\/centromedicodrhernandezcisneros.com\/wp-content\/uploads\/2022\/05\/BACTERIOLOGIA.jpg 423w, https:\/\/centromedicodrhernandezcisneros.com\/wp-content\/uploads\/2022\/05\/BACTERIOLOGIA-300x300.jpg 300w, https:\/\/centromedicodrhernandezcisneros.com\/wp-content\/uploads\/2022\/05\/BACTERIOLOGIA-150x150.jpg 150w\" sizes=\"auto, (max-width: 150px) 100vw, 150px\" \/><br>Pruebas Bacteriol\u00f3gicas<\/h2>\n\n\n\n<p>ASPERGILLUS GALACTOMANNAN<br>BK<br>BK CULTIVO DE MYCOBACTERIUM TUBERCULOSIS. <strong>(20 d\u00edas)<\/strong> <br>BK SERIADO<br>COLORACION DE GIEMSA<br>COVID ANTIGENO<br>COVID ANTIGENO \/ INFLUENZA<br>INFLUENZA<br>COPROCULTIVO<br>CULTIVO ABSCESO PARED ABDOMINAL<br>CULTIVO BACTERIOLOGICO DE ESPUTO<br>CULTIVO DE ABSCESO<br>CULTIVO DE EXUDADO FARINGEO<br>CULTIVO DE L.C.R.<br>CULTIVO DE LAVADO BRONQUIAL<br>CULTIVO DE LIQUIDO PERITONEAL<br>CULTIVO DE LIQUIDO PLEURAL<br>CULTIVO DE LIQUIDO SINOVIAL<br>CULTIVO DE MAMA DERECHA<br>CULTIVO DE MAMA IZQUIERDA<br>CULTIVO DE MEDULA OSEA<br>CULTIVO DE PUNTA DE CATETER<br>CULTIVO DE SECRECION<br>CULTIVO DE SECRECION BRONQUIAL<br>CULTIVO DE SECRECION CAVIDAD ABDOMINAL<br>CULTIVO DE SECRECION DE HERIDA<br>CULTIVO DE SECRECION DE PIE DIABETICO<br>CULTIVO DE SECRECION DE ULCERA<br>CULTIVO DE SECRECION ESCARA SACRA<br>CULTIVO DE SECRECION NASAL (AMBAS FOSAS)<br>CULTIVO DE SECRECION NASAL DERECHA<br>CULTIVO DE SECRECION NASAL IZQUIERDA<br>CULTIVO DE SECRECION OCULAR DERECHA<br>CULTIVO DE SECRECION OCULAR IZQUIERDA<br>CULTIVO DE SECRECION OTICA DERECHA<br>CULTIVO DE SECRECION OTICA IZQUIERDA<br>CULTIVO DE SECRECION OTICA DECHA \/IZSA<br>CULTIVO DE SECRECION TRAQUEAL<br>CULTIVO DE SECRECION URETRAL<br>CULTIVO DE SECRECION URETRAL (CHLAMYDIA Y MYCOP) <br>CULTIVO DE SECRECION VAGINAL<br>CULTIVO DE SECRECION VAGINAL (CHLAMYDIA Y MYCOP)<br>CULTIVO DE TEJIDO OSEO<br>CULTIVO LIQUIDO INTRAABDOMINAL<br>CULTIVO PARA INVESTIGACION DE HONGOS<br>CULTIVO SECRECION OCULAR (AMBOS OJOS)<br>ESPERMOCULTIVO (CHLAMYDIA Y MYCOPLASMA) <br>ESPERMOCULTIVO (SOLO SEMEN)<br>ESTUDIO DE AMBIENTE (POR METRO CUADRADO)<br>GRAM<br>GRAM AMBAS FOSAS NASALES<br>HECES (INVESTIGACION DE COLERA)<br>HECES ESTEATOCRITO<br>HEMOCULTIVO<br>INV. CHLAMYDIA TRACHOMATIS, MYCOPLASMA Y UREAPLASMA <br>INVESTIGACION DE CHLAMYDIA CONJUNTIVAL<br>KOH AL40%<br>SEROLOGIA PARA HONGOS <strong>(05 d\u00edas)<\/strong><br>TINTA CHINA<br>UROCULTIVO Y ANTIBIOGRAMA<br>ESTUDIO DE MICROBIOTA INTESTINAL<br>PANEL ALIMENTOS<br>PERFIL CELIACO<br>PANEL INHALANTES<br>PERFIL FERTILIDAD<br>PERFIL DISBIOSIS<br>PRUEBA PATERNIDAD <strong>(12 d\u00edas h\u00e1biles)<\/strong><br>VPH TIPIFICADO<strong>(12 d\u00edas h\u00e1biles)<\/strong><br>VPH DESPISTAJE<\/p>\n\n\n\n<p><br><\/p>\n","protected":false},"excerpt":{"rendered":"<p>Pruebas de Rutina .ALBUMINAACIDO URICOACIDO URICO EN ORINA DE 24 HORASACIDO URICO EN ORINA PARCIALADENOSINA DESAMINA (ADA)AMILASAAMILASA EN ORINAAMONIOANTIGENOS FEBRILESASTOBILIRRUBINA TOTAL Y FRACCIONADACALCIOCALCIO EN ORINA DE 24 HORASCALCIO EN ORINA PARCIALCALPROTECTINACELULAS LECITRATO EN ORINA 24 HORAS (3 d\u00edas h\u00e1biles)CKCKMBCOCAINACOLESTEROL HDLCOLESTEROL LDLCOLESTEROL TOTALCOLESTEROL VLDLCOLINESTERASACOMBO ROTA-ADENO-ASTROCOMPLEMENTO C3COMPLEMENTO C4COOMBS DIRECTOS (3 d\u00edas h\u00e1biles)COOMBS INDIRECTO (3 d\u00edas h\u00e1biles)COVID ANTICUERPOSCOVID [&hellip;]<\/p>\n","protected":false},"author":1,"featured_media":0,"parent":0,"menu_order":0,"comment_status":"closed","ping_status":"closed","template":"templates\/template-page-full-width.php","meta":{"om_disable_all_campaigns":false,"_monsterinsights_skip_tracking":false,"_monsterinsights_sitenote_active":false,"_monsterinsights_sitenote_note":"","_monsterinsights_sitenote_category":0,"footnotes":""},"class_list":["post-33","page","type-page","status-publish","hentry"],"aioseo_notices":[],"_links":{"self":[{"href":"https:\/\/centromedicodrhernandezcisneros.com\/index.php\/wp-json\/wp\/v2\/pages\/33","targetHints":{"allow":["GET"]}}],"collection":[{"href":"https:\/\/centromedicodrhernandezcisneros.com\/index.php\/wp-json\/wp\/v2\/pages"}],"about":[{"href":"https:\/\/centromedicodrhernandezcisneros.com\/index.php\/wp-json\/wp\/v2\/types\/page"}],"author":[{"embeddable":true,"href":"https:\/\/centromedicodrhernandezcisneros.com\/index.php\/wp-json\/wp\/v2\/users\/1"}],"replies":[{"embeddable":true,"href":"https:\/\/centromedicodrhernandezcisneros.com\/index.php\/wp-json\/wp\/v2\/comments?post=33"}],"version-history":[{"count":12,"href":"https:\/\/centromedicodrhernandezcisneros.com\/index.php\/wp-json\/wp\/v2\/pages\/33\/revisions"}],"predecessor-version":[{"id":177,"href":"https:\/\/centromedicodrhernandezcisneros.com\/index.php\/wp-json\/wp\/v2\/pages\/33\/revisions\/177"}],"wp:attachment":[{"href":"https:\/\/centromedicodrhernandezcisneros.com\/index.php\/wp-json\/wp\/v2\/media?parent=33"}],"curies":[{"name":"wp","href":"https:\/\/api.w.org\/{rel}","templated":true}]}}