{"id":34,"date":"2022-05-16T20:33:47","date_gmt":"2022-05-16T20:33:47","guid":{"rendered":"https:\/\/centromedicodrhernandezcisneros.com\/?page_id=34"},"modified":"2025-01-18T01:12:15","modified_gmt":"2025-01-18T01:12:15","slug":"especialidades-medicas","status":"publish","type":"page","link":"https:\/\/centromedicodrhernandezcisneros.com\/index.php\/especialidades-medicas\/","title":{"rendered":"Especialidades M\u00e9dicas"},"content":{"rendered":"\n<div class=\"wp-block-columns is-layout-flex wp-container-core-columns-is-layout-9d6595d7 wp-block-columns-is-layout-flex\">\n<div class=\"wp-block-column is-vertically-aligned-top is-layout-flow wp-block-column-is-layout-flow\" style=\"flex-basis:100%\">\n<h2 class=\"wp-block-heading has-text-align-left\"><img loading=\"lazy\" decoding=\"async\" width=\"150\" height=\"150\" class=\"wp-image-100\" style=\"width: 150px;\" src=\"https:\/\/centromedicodrhernandezcisneros.com\/wp-content\/uploads\/2022\/05\/NEUMOLOGIA-2.jpg\" alt=\"\" srcset=\"https:\/\/centromedicodrhernandezcisneros.com\/wp-content\/uploads\/2022\/05\/NEUMOLOGIA-2.jpg 423w, https:\/\/centromedicodrhernandezcisneros.com\/wp-content\/uploads\/2022\/05\/NEUMOLOGIA-2-300x300.jpg 300w, https:\/\/centromedicodrhernandezcisneros.com\/wp-content\/uploads\/2022\/05\/NEUMOLOGIA-2-150x150.jpg 150w\" sizes=\"auto, (max-width: 150px) 100vw, 150px\" \/><br><strong>Neumolog\u00eda<\/strong><\/h2>\n\n\n\n<p><strong>Dr. Jos\u00e9 Gregorio Rodr\u00edguez<\/strong><\/p>\n\n\n\n<div class=\"wp-block-buttons is-layout-flex wp-block-buttons-is-layout-flex\">\n<div class=\"wp-block-button\"><a class=\"wp-block-button__link wp-element-button\" href=\"https:\/\/api.whatsapp.com\/send?phone=584163288544\">WhatsApp<\/a><\/div>\n<\/div>\n\n\n\n<p>Planta Baja &#8211; Consultorio 01<br><strong>Atenci\u00f3n<\/strong>: Lunes a Viernes de 8:00am &#8211; 3:00pm<br>S\u00e1bados previa cita<br><strong>Modalidad:<\/strong> Por orden de llegada<br>Para citas contactarse mediante <strong>+58 (416) 328 85 44<\/strong><\/p>\n<\/div>\n<\/div>\n\n\n\n<h2 class=\"wp-block-heading has-text-align-left\"><img loading=\"lazy\" decoding=\"async\" width=\"150\" height=\"150\" class=\"wp-image-107\" style=\"width: 150px;\" src=\"https:\/\/centromedicodrhernandezcisneros.com\/wp-content\/uploads\/2022\/05\/ODONTOLOGIA.jpg\" alt=\"\" srcset=\"https:\/\/centromedicodrhernandezcisneros.com\/wp-content\/uploads\/2022\/05\/ODONTOLOGIA.jpg 423w, https:\/\/centromedicodrhernandezcisneros.com\/wp-content\/uploads\/2022\/05\/ODONTOLOGIA-300x300.jpg 300w, https:\/\/centromedicodrhernandezcisneros.com\/wp-content\/uploads\/2022\/05\/ODONTOLOGIA-150x150.jpg 150w\" sizes=\"auto, (max-width: 150px) 100vw, 150px\" \/><br><strong>Odontolog\u00eda<\/strong><\/h2>\n\n\n\n<p><strong>Dra. Kaly Espinoza<\/strong><\/p>\n\n\n\n<div class=\"wp-block-buttons is-layout-flex wp-block-buttons-is-layout-flex\">\n<div class=\"wp-block-button\"><a class=\"wp-block-button__link wp-element-button\" href=\"https:\/\/api.whatsapp.com\/send?phone=584264306643\">WhatsApp<\/a><\/div>\n<\/div>\n\n\n\n<p>Piso 01 &#8211; Consultorio 02<br><strong>Atenci\u00f3n<\/strong>: Lunes a Viernes de 7:00am &#8211; 1:00pm<br><strong>Modalidad:<\/strong> Por orden de llegada<br>Para citas contactarse mediante <strong>+58 (426) 430 66 43<\/strong><br><\/p>\n\n\n\n<p><img loading=\"lazy\" decoding=\"async\" width=\"150\" height=\"150\" class=\"wp-image-251\" style=\"width: 150px;\" src=\"https:\/\/centromedicodrhernandezcisneros.com\/wp-content\/uploads\/2025\/01\/ECOGRAFIA-1.jpg\" alt=\"\" srcset=\"https:\/\/centromedicodrhernandezcisneros.com\/wp-content\/uploads\/2025\/01\/ECOGRAFIA-1.jpg 424w, https:\/\/centromedicodrhernandezcisneros.com\/wp-content\/uploads\/2025\/01\/ECOGRAFIA-1-300x300.jpg 300w, https:\/\/centromedicodrhernandezcisneros.com\/wp-content\/uploads\/2025\/01\/ECOGRAFIA-1-150x150.jpg 150w\" sizes=\"auto, (max-width: 150px) 100vw, 150px\" \/><br><\/p>\n\n\n\n<h2 class=\"wp-block-heading\"><strong>Unidad de Ecograf\u00eda<\/strong><\/h2>\n\n\n\n<div class=\"wp-block-buttons is-layout-flex wp-block-buttons-is-layout-flex\">\n<div class=\"wp-block-button\"><a class=\"wp-block-button__link wp-element-button\" href=\"https:\/\/centromedicodrhernandezcisneros.com\/index.php\/visita-nuestra-unidad-de-ecografia\/\">M\u00e1s informaci\u00f3n<\/a><\/div>\n<\/div>\n\n\n\n<p>Piso 01 &#8211; Consultorio 03<br><strong>Atenci\u00f3n<\/strong>: Lunes a Viernes de 7:00am a 4:00pm.<br><strong>Modalidad:<\/strong> Por orden de llegada<br>Para citas contactarse mediante <strong>+58 (412) 196 52 29<\/strong><\/p>\n\n\n\n<div class=\"wp-block-buttons is-layout-flex wp-block-buttons-is-layout-flex\"><\/div>\n\n\n\n<p><img loading=\"lazy\" decoding=\"async\" width=\"150\" height=\"150\" class=\"wp-image-258\" style=\"width: 150px;\" src=\"https:\/\/centromedicodrhernandezcisneros.com\/wp-content\/uploads\/2025\/01\/CARDIOLOGIA.jpg\" alt=\"\" srcset=\"https:\/\/centromedicodrhernandezcisneros.com\/wp-content\/uploads\/2025\/01\/CARDIOLOGIA.jpg 425w, https:\/\/centromedicodrhernandezcisneros.com\/wp-content\/uploads\/2025\/01\/CARDIOLOGIA-300x300.jpg 300w, https:\/\/centromedicodrhernandezcisneros.com\/wp-content\/uploads\/2025\/01\/CARDIOLOGIA-150x150.jpg 150w\" sizes=\"auto, (max-width: 150px) 100vw, 150px\" \/><br><\/p>\n\n\n\n<h2 class=\"wp-block-heading\"><strong>Unidad de Cardiolog\u00eda<\/strong><\/h2>\n\n\n\n<div class=\"wp-block-buttons is-layout-flex wp-block-buttons-is-layout-flex\">\n<div class=\"wp-block-button\"><a class=\"wp-block-button__link wp-element-button\" href=\"https:\/\/api.whatsapp.com\/send?phone=584121965229\">WhatsApp<\/a><\/div>\n<\/div>\n\n\n\n<p>Piso 01 &#8211; Consultorio 03<br><strong>Atenci\u00f3n<\/strong>: Mi\u00e9rcoles 8:00am &#8211; 12:00pm<br><strong>Modalidad:<\/strong> Previa cita<br>Para citas contactarse mediante <strong>+58 (412) 196 52 29<\/strong><br><\/p>\n\n\n\n<div class=\"wp-block-buttons is-layout-flex wp-block-buttons-is-layout-flex\"><\/div>\n\n\n\n<h2 class=\"wp-block-heading\"><img loading=\"lazy\" decoding=\"async\" width=\"150\" height=\"150\" class=\"wp-image-115\" style=\"width: 150px;\" src=\"https:\/\/centromedicodrhernandezcisneros.com\/wp-content\/uploads\/2022\/05\/GINECOLOGIA-1.jpg\" alt=\"\" srcset=\"https:\/\/centromedicodrhernandezcisneros.com\/wp-content\/uploads\/2022\/05\/GINECOLOGIA-1.jpg 423w, https:\/\/centromedicodrhernandezcisneros.com\/wp-content\/uploads\/2022\/05\/GINECOLOGIA-1-300x300.jpg 300w, https:\/\/centromedicodrhernandezcisneros.com\/wp-content\/uploads\/2022\/05\/GINECOLOGIA-1-150x150.jpg 150w\" sizes=\"auto, (max-width: 150px) 100vw, 150px\" \/><br><strong>Ginecolog\u00eda &#8211; Obstetricia <\/strong><\/h2>\n\n\n\n<p><br><strong>Dr. Jos\u00e9 Luis Rodr\u00edguez <\/strong><\/p>\n\n\n\n<div class=\"wp-block-buttons is-layout-flex wp-block-buttons-is-layout-flex\">\n<div class=\"wp-block-button\"><a class=\"wp-block-button__link wp-element-button\" href=\"https:\/\/api.whatsapp.com\/send?phone=584168993460\">WhatsApp<\/a><\/div>\n<\/div>\n\n\n\n<p>Piso 01 &#8211; Consultorio 04<br><strong>Atenci\u00f3n<\/strong>: Lunes, Jueves y Viernes de 7:00am &#8211; 1:00pm<br><strong>Modalidad:<\/strong> Por orden de llegada<br>Para citas contactarse mediante <strong>+58 (416) 899 34 60<\/strong><br><br><strong>Dr. Hergio Garc\u00eda<\/strong><\/p>\n\n\n\n<div class=\"wp-block-buttons is-layout-flex wp-block-buttons-is-layout-flex\">\n<div class=\"wp-block-button\"><a class=\"wp-block-button__link wp-element-button\">WhatsApp<\/a><\/div>\n<\/div>\n\n\n\n<p>Piso 01 &#8211; Consultorio 04<br><strong>Atenci\u00f3n<\/strong>: Martes y Mi\u00e9rcoles de 7:00am &#8211; 1:00pm<br><strong>Modalidad:<\/strong> Por orden de llegada<br>Para citas contactarse mediante <strong>+58 (426) 188 43 07<\/strong><br><br><strong>Dra. Karla Salazar<\/strong><\/p>\n\n\n\n<div class=\"wp-block-buttons is-layout-flex wp-block-buttons-is-layout-flex\">\n<div class=\"wp-block-button\"><a class=\"wp-block-button__link wp-element-button\" href=\"https:\/\/api.whatsapp.com\/send?phone=584140870283\">WhatsApp<\/a><\/div>\n<\/div>\n\n\n\n<p>Piso 01 &#8211; Consultorio 05<br><strong>Atenci\u00f3n<\/strong>: Lunes y Jueves de 8:00am &#8211; 12:00m<br>Martes 1:00pm &#8211; 4:00pm &#8211; S\u00e1bados previa cita<br><strong>Modalidad:<\/strong> Por orden de llegada<br>Para citas contactarse mediante <strong>+58 (414) 087 02 83<\/strong><br><\/p>\n\n\n\n<p><strong>Dra. Keillys Ron<\/strong><\/p>\n\n\n\n<div class=\"wp-block-buttons is-layout-flex wp-block-buttons-is-layout-flex\">\n<div class=\"wp-block-button\"><a class=\"wp-block-button__link wp-element-button\" href=\"https:\/\/api.whatsapp.com\/send?phone=584248649012\">WhatsApp<\/a><\/div>\n<\/div>\n\n\n\n<p>Piso 01 &#8211; Consultorio 05<br><strong>Atenci\u00f3n<\/strong>: Mi\u00e9rcoles 8:00am &#8211; 12:00m<br>Lunes, Jueves y Viernes 1:00pm &#8211; 4:00pm &#8211; S\u00e1bados previa cita<br><strong>Modalidad:<\/strong> Por orden de llegada<br>Para citas contactarse mediante <strong>+58 (424) 864 90 12<\/strong><br><br><strong>Dra. Clarismar Lunar<\/strong><\/p>\n\n\n\n<div class=\"wp-block-buttons is-layout-flex wp-block-buttons-is-layout-flex\">\n<div class=\"wp-block-button\"><a class=\"wp-block-button__link wp-element-button\" href=\"https:\/\/api.whatsapp.com\/send?phone=584124858617\">WhatsApp<\/a><\/div>\n<\/div>\n\n\n\n<p>Piso 01 &#8211; Consultorio 05<br><strong>Atenci\u00f3n<\/strong>: Martes y Viernes 8:00am &#8211; 12:00m<br>Mi\u00e9rcoles 1:00pm &#8211; 4:00pm &#8211; S\u00e1bados previa cita<br><strong>Modalidad:<\/strong> Por orden de llegada<br>Para citas contactarse mediante <strong>+58 (412) 485 86 17<\/strong><br><br><strong>Dr. Freddy Di Lena<\/strong><\/p>\n\n\n\n<div class=\"wp-block-buttons is-layout-flex wp-block-buttons-is-layout-flex\">\n<div class=\"wp-block-button\"><a class=\"wp-block-button__link wp-element-button\" href=\"https:\/\/api.whatsapp.com\/send?phone=584147894466\">WhatsApp<\/a><\/div>\n<\/div>\n\n\n\n<p>Piso 01 &#8211; Consultorio 08<br><strong>Atenci\u00f3n<\/strong>: Lunes a Viernes de 9:00am &#8211; 1:00pm<br><strong>Modalidad:<\/strong> Previa cita<br>Para citas contactarse mediante <strong>+58 (414) 789 44 66<\/strong><br><\/p>\n\n\n\n<h2 class=\"wp-block-heading\"><img loading=\"lazy\" decoding=\"async\" width=\"150\" height=\"150\" class=\"wp-image-119\" style=\"width: 150px;\" src=\"https:\/\/centromedicodrhernandezcisneros.com\/wp-content\/uploads\/2022\/05\/PEDIATRIA.jpg\" alt=\"\" srcset=\"https:\/\/centromedicodrhernandezcisneros.com\/wp-content\/uploads\/2022\/05\/PEDIATRIA.jpg 423w, https:\/\/centromedicodrhernandezcisneros.com\/wp-content\/uploads\/2022\/05\/PEDIATRIA-300x300.jpg 300w, https:\/\/centromedicodrhernandezcisneros.com\/wp-content\/uploads\/2022\/05\/PEDIATRIA-150x150.jpg 150w\" sizes=\"auto, (max-width: 150px) 100vw, 150px\" \/><br><strong>Pediatr\u00eda<\/strong><\/h2>\n\n\n\n<p><strong>Dra. Olielys Cede\u00f1o<\/strong><\/p>\n\n\n\n<div class=\"wp-block-buttons is-layout-flex wp-block-buttons-is-layout-flex\">\n<div class=\"wp-block-button\"><a class=\"wp-block-button__link wp-element-button\" href=\"https:\/\/api.whatsapp.com\/send?phone=584248551864\">WhatsApp<\/a><\/div>\n<\/div>\n\n\n\n<p>Piso 01 &#8211; Consultorio 06<br><strong>Modalidad:<\/strong> Previa cita<br>Para citas contactarse mediante <strong>+58 (424) 855 18 64<\/strong><br><\/p>\n\n\n\n<h2 class=\"wp-block-heading\"><img loading=\"lazy\" decoding=\"async\" width=\"150\" height=\"150\" class=\"wp-image-131\" style=\"width: 150px;\" src=\"https:\/\/centromedicodrhernandezcisneros.com\/wp-content\/uploads\/2022\/05\/TRAUMATOLOGIA.jpg\" alt=\"\" srcset=\"https:\/\/centromedicodrhernandezcisneros.com\/wp-content\/uploads\/2022\/05\/TRAUMATOLOGIA.jpg 423w, https:\/\/centromedicodrhernandezcisneros.com\/wp-content\/uploads\/2022\/05\/TRAUMATOLOGIA-300x300.jpg 300w, https:\/\/centromedicodrhernandezcisneros.com\/wp-content\/uploads\/2022\/05\/TRAUMATOLOGIA-150x150.jpg 150w\" sizes=\"auto, (max-width: 150px) 100vw, 150px\" \/><br>Traumatolog\u00eda<\/h2>\n\n\n\n<p><strong>Dr. Justo L\u00f3pez<\/strong><\/p>\n\n\n\n<div class=\"wp-block-buttons is-layout-flex wp-block-buttons-is-layout-flex\">\n<div class=\"wp-block-button\"><a class=\"wp-block-button__link wp-element-button\" href=\"https:\/\/api.whatsapp.com\/send?phone=584147894002\">WhatsApp<\/a><\/div>\n<\/div>\n\n\n\n<p>Piso 01 &#8211; Consultorio 07<br><strong>Atenci\u00f3n<\/strong>: Lunes, Mi\u00e9rcoles y Viernes<br><strong>Modalidad:<\/strong> Previa cita<br>Para citas contactarse mediante <strong>+58 (414) 789 40 02<\/strong><\/p>\n\n\n\n<p><strong>Dr. F\u00e9lix Castillo Saez<\/strong><\/p>\n\n\n\n<div class=\"wp-block-buttons is-layout-flex wp-block-buttons-is-layout-flex\">\n<div class=\"wp-block-button\"><a class=\"wp-block-button__link wp-element-button\" href=\"https:\/\/api.whatsapp.com\/send?phone=584248830252\">WhatsApp<\/a><\/div>\n<\/div>\n\n\n\n<p>Piso 01 &#8211; Consultorio 07<br><strong>Atenci\u00f3n<\/strong>: Martes, Jueves y Viernes<br><strong>Modalidad:<\/strong> Previa cita<br>Para citas contactarse mediante <strong>+58 (424) 883 02 52 \/&nbsp;<strong>+58 <\/strong>(424) 893 80 57<\/strong><br><\/p>\n\n\n\n<h2 class=\"wp-block-heading\"><img loading=\"lazy\" decoding=\"async\" width=\"150\" height=\"150\" class=\"wp-image-133\" style=\"width: 150px;\" src=\"https:\/\/centromedicodrhernandezcisneros.com\/wp-content\/uploads\/2022\/05\/INTERNA.jpg\" alt=\"\" srcset=\"https:\/\/centromedicodrhernandezcisneros.com\/wp-content\/uploads\/2022\/05\/INTERNA.jpg 423w, https:\/\/centromedicodrhernandezcisneros.com\/wp-content\/uploads\/2022\/05\/INTERNA-300x300.jpg 300w, https:\/\/centromedicodrhernandezcisneros.com\/wp-content\/uploads\/2022\/05\/INTERNA-150x150.jpg 150w\" sizes=\"auto, (max-width: 150px) 100vw, 150px\" \/><br>Medicina Interna<\/h2>\n\n\n\n<p><strong>Dr. Carlos G\u00f3mez<\/strong><\/p>\n\n\n\n<div class=\"wp-block-buttons is-layout-flex wp-block-buttons-is-layout-flex\">\n<div class=\"wp-block-button\"><a class=\"wp-block-button__link wp-element-button\" href=\"https:\/\/api.whatsapp.com\/send?phone=584248566855\">WhatsApp<\/a><\/div>\n<\/div>\n\n\n\n<p>Piso 01 &#8211; Consultorio 09<br><strong>Modalidad:<\/strong> Previa cita<br>Para citas contactarse mediante <strong>+58 (424) 856 68 55<\/strong><\/p>\n\n\n\n<p><strong>Dra. Sayeda Basir<\/strong><\/p>\n\n\n\n<div class=\"wp-block-buttons is-layout-flex wp-block-buttons-is-layout-flex\">\n<div class=\"wp-block-button\"><a class=\"wp-block-button__link wp-element-button\" href=\"https:\/\/api.whatsapp.com\/send?phone=584248451110\">WhatsApp<\/a><\/div>\n<\/div>\n\n\n\n<p>Piso 01 &#8211; Consultorio 09<br><strong>Atenci\u00f3n<\/strong>: Lunes, Mi\u00e9rcoles y Viernes<br><strong>Modalidad:<\/strong> Previa cita<br>Para citas contactarse mediante <strong>+58 (424) 845 11 10<\/strong><\/p>\n\n\n\n<p><strong>Dra. Rosmira Diaz<\/strong><\/p>\n\n\n\n<div class=\"wp-block-buttons is-layout-flex wp-block-buttons-is-layout-flex\">\n<div class=\"wp-block-button\"><a class=\"wp-block-button__link wp-element-button\" href=\"https:\/\/api.whatsapp.com\/send?phone=584148001155\">WhatsApp<\/a><\/div>\n<\/div>\n\n\n\n<p>Piso 01 &#8211; Consultorio 09<br><strong>Atenci\u00f3n<\/strong>: Lunes a Viernes<br><strong>Modalidad:<\/strong> Previa cita<br>Para citas contactarse mediante <strong>+58 (414) 800 11 55<\/strong><\/p>\n\n\n\n<h2 class=\"wp-block-heading\"><img loading=\"lazy\" decoding=\"async\" width=\"150\" height=\"150\" class=\"wp-image-138\" style=\"width: 150px;\" src=\"https:\/\/centromedicodrhernandezcisneros.com\/wp-content\/uploads\/2022\/05\/medicina-general.jpg\" alt=\"\" srcset=\"https:\/\/centromedicodrhernandezcisneros.com\/wp-content\/uploads\/2022\/05\/medicina-general.jpg 423w, https:\/\/centromedicodrhernandezcisneros.com\/wp-content\/uploads\/2022\/05\/medicina-general-300x300.jpg 300w, https:\/\/centromedicodrhernandezcisneros.com\/wp-content\/uploads\/2022\/05\/medicina-general-150x150.jpg 150w\" sizes=\"auto, (max-width: 150px) 100vw, 150px\" \/><br>Medicina General<\/h2>\n\n\n\n<p><strong>Dr. Jos\u00e9 Enrique Qui\u00f1onez<\/strong><\/p>\n\n\n\n<div class=\"wp-block-buttons is-layout-flex wp-block-buttons-is-layout-flex\">\n<div class=\"wp-block-button\"><a class=\"wp-block-button__link wp-element-button\" href=\"https:\/\/api.whatsapp.com\/send?phone=584167308921\">WhatsApp<\/a><\/div>\n<\/div>\n\n\n\n<p><strong>Atenci\u00f3n<\/strong>: Lunes a Viernes<br><strong>Modalidad:<\/strong> Previa cita<br>Para citas contactarse mediante<br><strong>+58 (416) 730 89 21  \/ +58 (412) 590 70 85<\/strong><br><\/p>\n\n\n\n<h2 class=\"wp-block-heading\"><img loading=\"lazy\" decoding=\"async\" width=\"150\" height=\"150\" class=\"wp-image-125\" style=\"width: 150px;\" src=\"https:\/\/centromedicodrhernandezcisneros.com\/wp-content\/uploads\/2022\/05\/NEFROLOGIA.jpg\" alt=\"\" srcset=\"https:\/\/centromedicodrhernandezcisneros.com\/wp-content\/uploads\/2022\/05\/NEFROLOGIA.jpg 423w, https:\/\/centromedicodrhernandezcisneros.com\/wp-content\/uploads\/2022\/05\/NEFROLOGIA-300x300.jpg 300w, https:\/\/centromedicodrhernandezcisneros.com\/wp-content\/uploads\/2022\/05\/NEFROLOGIA-150x150.jpg 150w\" sizes=\"auto, (max-width: 150px) 100vw, 150px\" \/><br><strong>Nefrolog\u00eda<\/strong><\/h2>\n\n\n\n<p><strong>Dra. Luisana Berra<\/strong><\/p>\n\n\n\n<div class=\"wp-block-buttons is-layout-flex wp-block-buttons-is-layout-flex\">\n<div class=\"wp-block-button\"><a class=\"wp-block-button__link wp-element-button\" href=\"https:\/\/api.whatsapp.com\/send?phone=584123546751\">WhatsApp<\/a><\/div>\n<\/div>\n\n\n\n<p><strong>Atenci\u00f3n<\/strong>: Martes y Jueves desde la 1:00pm<br><strong>Modalidad:<\/strong> Previa cita<br>Para citas contactarse mediante <strong>+58 (412) 354 67 51<\/strong><\/p>\n","protected":false},"excerpt":{"rendered":"<p>Neumolog\u00eda Dr. Jos\u00e9 Gregorio Rodr\u00edguez Planta Baja &#8211; Consultorio 01Atenci\u00f3n: Lunes a Viernes de 8:00am &#8211; 3:00pmS\u00e1bados previa citaModalidad: Por orden de llegadaPara citas contactarse mediante +58 (416) 328 85 44 Odontolog\u00eda Dra. Kaly Espinoza Piso 01 &#8211; Consultorio 02Atenci\u00f3n: Lunes a Viernes de 7:00am &#8211; 1:00pmModalidad: Por orden de llegadaPara citas contactarse mediante +58 [&hellip;]<\/p>\n","protected":false},"author":1,"featured_media":0,"parent":0,"menu_order":0,"comment_status":"closed","ping_status":"closed","template":"templates\/template-page-full-width.php","meta":{"om_disable_all_campaigns":false,"_monsterinsights_skip_tracking":false,"_monsterinsights_sitenote_active":false,"_monsterinsights_sitenote_note":"","_monsterinsights_sitenote_category":0,"footnotes":""},"class_list":["post-34","page","type-page","status-publish","hentry"],"aioseo_notices":[],"_links":{"self":[{"href":"https:\/\/centromedicodrhernandezcisneros.com\/index.php\/wp-json\/wp\/v2\/pages\/34","targetHints":{"allow":["GET"]}}],"collection":[{"href":"https:\/\/centromedicodrhernandezcisneros.com\/index.php\/wp-json\/wp\/v2\/pages"}],"about":[{"href":"https:\/\/centromedicodrhernandezcisneros.com\/index.php\/wp-json\/wp\/v2\/types\/page"}],"author":[{"embeddable":true,"href":"https:\/\/centromedicodrhernandezcisneros.com\/index.php\/wp-json\/wp\/v2\/users\/1"}],"replies":[{"embeddable":true,"href":"https:\/\/centromedicodrhernandezcisneros.com\/index.php\/wp-json\/wp\/v2\/comments?post=34"}],"version-history":[{"count":41,"href":"https:\/\/centromedicodrhernandezcisneros.com\/index.php\/wp-json\/wp\/v2\/pages\/34\/revisions"}],"predecessor-version":[{"id":296,"href":"https:\/\/centromedicodrhernandezcisneros.com\/index.php\/wp-json\/wp\/v2\/pages\/34\/revisions\/296"}],"wp:attachment":[{"href":"https:\/\/centromedicodrhernandezcisneros.com\/index.php\/wp-json\/wp\/v2\/media?parent=34"}],"curies":[{"name":"wp","href":"https:\/\/api.w.org\/{rel}","templated":true}]}}