{"id":38,"date":"2022-05-16T20:35:06","date_gmt":"2022-05-16T20:35:06","guid":{"rendered":"https:\/\/centromedicodrhernandezcisneros.com\/?page_id=38"},"modified":"2025-01-17T22:27:39","modified_gmt":"2025-01-17T22:27:39","slug":"contactanos","status":"publish","type":"page","link":"https:\/\/centromedicodrhernandezcisneros.com\/index.php\/contactanos\/","title":{"rendered":"Cont\u00e1ctanos"},"content":{"rendered":"\n<h2 class=\"wp-block-heading\">S\u00edguenos en nuestras redes sociales<\/h2>\n\n\n\n<div class=\"wp-block-buttons is-layout-flex wp-block-buttons-is-layout-flex\">\n<div class=\"wp-block-button\"><a class=\"wp-block-button__link wp-element-button\" href=\"https:\/\/www.instagram.com\/hcisneros.ve\/\">Instagram<\/a><\/div>\n\n\n\n<div class=\"wp-block-button\"><a class=\"wp-block-button__link wp-element-button\" href=\"https:\/\/www.facebook.com\/hcisneros.ve\">Facebook<\/a><\/div>\n<\/div>\n\n\n\n<p><\/p>\n\n\n\n<h2 class=\"wp-block-heading\">Cont\u00e1ctate con tu sucursal m\u00e1s cercana<\/h2>\n\n\n\n<p>Haz clic en la sucursal con la que deseas comunicarte y te llevar\u00e1 al chat de WhatsApp donde recibir\u00e1s la atenci\u00f3n e informaci\u00f3n que necesites.<\/p>\n\n\n\n<div class=\"wp-block-buttons is-layout-flex wp-block-buttons-is-layout-flex\">\n<div class=\"wp-block-button\"><a class=\"wp-block-button__link wp-element-button\" href=\"https:\/\/api.whatsapp.com\/send?phone=584121965229\">Chat Porlamar<\/a><\/div>\n\n\n\n<div class=\"wp-block-button\"><a class=\"wp-block-button__link wp-element-button\" href=\"https:\/\/api.whatsapp.com\/send?phone=584122471158\">Chat El Tirano<\/a><\/div>\n\n\n\n<div class=\"wp-block-button\"><a class=\"wp-block-button__link wp-element-button\" href=\"https:\/\/api.whatsapp.com\/send?phone=584123591173\">Chat Pampatar<\/a><\/div>\n<\/div>\n\n\n\n<h2 class=\"wp-block-heading\">Nuestras L\u00edneas Fijas<\/h2>\n\n\n\n<p><strong>Sede Porlamar<\/strong><br>+58 (295) 263 92 27<br>+58 (295) 264 15 09<br><br><strong>Sede El Tirano<\/strong><br>+58 (295) 234 82 71<\/p>\n\n\n\n<h2 class=\"wp-block-heading\">Correo electr\u00f3nico<\/h2>\n\n\n\n<p>hcisneros.porlamar@gmail.com<br>hcisneros.pampatar@gmail.com<\/p>\n","protected":false},"excerpt":{"rendered":"<p>S\u00edguenos en nuestras redes sociales Cont\u00e1ctate con tu sucursal m\u00e1s cercana Haz clic en la sucursal con la que deseas comunicarte y te llevar\u00e1 al chat de WhatsApp donde recibir\u00e1s la atenci\u00f3n e informaci\u00f3n que necesites. Nuestras L\u00edneas Fijas Sede Porlamar+58 (295) 263 92 27+58 (295) 264 15 09 Sede El Tirano+58 (295) 234 82 [&hellip;]<\/p>\n","protected":false},"author":1,"featured_media":0,"parent":0,"menu_order":0,"comment_status":"closed","ping_status":"closed","template":"templates\/template-page-full-width.php","meta":{"om_disable_all_campaigns":false,"_monsterinsights_skip_tracking":false,"_monsterinsights_sitenote_active":false,"_monsterinsights_sitenote_note":"","_monsterinsights_sitenote_category":0,"footnotes":""},"class_list":["post-38","page","type-page","status-publish","hentry"],"aioseo_notices":[],"_links":{"self":[{"href":"https:\/\/centromedicodrhernandezcisneros.com\/index.php\/wp-json\/wp\/v2\/pages\/38","targetHints":{"allow":["GET"]}}],"collection":[{"href":"https:\/\/centromedicodrhernandezcisneros.com\/index.php\/wp-json\/wp\/v2\/pages"}],"about":[{"href":"https:\/\/centromedicodrhernandezcisneros.com\/index.php\/wp-json\/wp\/v2\/types\/page"}],"author":[{"embeddable":true,"href":"https:\/\/centromedicodrhernandezcisneros.com\/index.php\/wp-json\/wp\/v2\/users\/1"}],"replies":[{"embeddable":true,"href":"https:\/\/centromedicodrhernandezcisneros.com\/index.php\/wp-json\/wp\/v2\/comments?post=38"}],"version-history":[{"count":8,"href":"https:\/\/centromedicodrhernandezcisneros.com\/index.php\/wp-json\/wp\/v2\/pages\/38\/revisions"}],"predecessor-version":[{"id":243,"href":"https:\/\/centromedicodrhernandezcisneros.com\/index.php\/wp-json\/wp\/v2\/pages\/38\/revisions\/243"}],"wp:attachment":[{"href":"https:\/\/centromedicodrhernandezcisneros.com\/index.php\/wp-json\/wp\/v2\/media?parent=38"}],"curies":[{"name":"wp","href":"https:\/\/api.w.org\/{rel}","templated":true}]}}